{"id":2,"date":"2025-10-17T17:53:39","date_gmt":"2025-10-17T15:53:39","guid":{"rendered":"https:\/\/centrebiblique64.org\/?page_id=2"},"modified":"2026-02-06T00:30:44","modified_gmt":"2026-02-05T23:30:44","slug":"page-d-exemple","status":"publish","type":"page","link":"https:\/\/centrebiblique64.org\/index.php\/page-d-exemple\/","title":{"rendered":"La Bible : un livre extraordinaire !"},"content":{"rendered":"\n<p><strong>La Bible : diff\u00e9rente de tout autre ouvrage<\/strong><\/p>\n\n\n\n<p><\/p>\n\n\n\n<p>Un linguiste, M. Montiero-Wiliams professeur de sanscrit, langue sacr\u00e9e de l&#8217;Inde s&#8217;exprimait ainsi apr\u00e8s avoir \u00e9tudi\u00e9 pendant quarante deux ans les livres orientaux: &#8220;Empilez tous ces livres \u00e0 la gauche de votre bureau; placez la Bible seule \u00e0 votre droite en m\u00e9nageant le plus grand espace possible entre eux. En effet, un ab\u00eeme s\u00e9pare la Bible des livres dits &#8220;sacr\u00e9s&#8221; de l&#8217;Orient. C&#8217;est une s\u00e9paration totale, d\u00e9finitive, \u00e9ternelle.. Une distance infinie qui ne peut \u00eatre franchie par aucune science ni aucune religion&#8221;.<\/p>\n\n\n\n<p><strong>La Bible :&nbsp; extraordinaire par son origine<\/strong><\/p>\n\n\n\n<p>Elle fut r\u00e9dig\u00e9e sur une p\u00e9riode de plus de quinze si\u00e8cles par plus de quarante auteurs de milieux tr\u00e8s diff\u00e9rents, qui ne se connaissaient pas. Et pourtant l&#8217;oeuvre achev\u00e9e pr\u00e9sente une parfaite unit\u00e9. La mani\u00e8re dont la Bible s&#8217;est constitu\u00e9e progressivement en l&#8217;espace de plus de quarante g\u00e9n\u00e9rations pour devenir le livre que nous poss\u00e9dons aujourd&#8217;hui est un v\u00e9ritable miracle. Sans plan ou projet pr\u00e9-\u00e9tabli&nbsp; \u2013 du point de vue humain \u2013 ses parties s&#8217;ajout\u00e8rent les unes aux autres au fil des si\u00e8cles jusqu&#8217;\u00e0 ce que la Bible soit compl\u00e8te.<\/p>\n\n\n\n<p><strong>Son unit\u00e9<\/strong><\/p>\n\n\n\n<p>Comment est-il possible que des auteurs aussi nombreux, issus de tant de g\u00e9n\u00e9rations, de cultures et d&#8217;horizons si divers, et pour la plupart sans moyen de communication entre eux aient pu \u00e9crire en parfaite harmonie une oeuvre si parfaitement homog\u00e8ne, alors que les sujets trait\u00e9s sont de ceux qui soul\u00e8vent&nbsp; g\u00e9n\u00e9ralement des batailles d&#8217;opinion: le cosmos, la nature, la philosophie, qui est Dieu, qui est l&#8217;homme, quelle relation peut-il y avoir entre eux.<\/p>\n\n\n\n<p><strong>Son actualit\u00e9<\/strong><\/p>\n\n\n\n<p>Des milliers de livres tombent dans l&#8217;oubli en quelques ann\u00e9es parfois. En quoi donc la Bible reste-elle si actuelle alors que certaines de ses parties comptent parmi les \u00e9crits les plus anciens de l&#8217;humanit\u00e9? Les progr\u00e8s scientifiques et techniques n&#8217;ont pas att\u00e9nu\u00e9 la faim et la soif de la Bible, au contraire. Alors que les enfants comprennent et appr\u00e9cient les histoires et l&#8217;enseignement de la Bible, des savants de tous temps admirent la profondeur de sa pens\u00e9e. Des millions de personnes se sont nourris et se nourrissent&nbsp; encore de ce livre, y trouvant le sens de leur vie, l&#8217;aide, le soutien et un encouragement constant.<\/p>\n\n\n\n<figure class=\"wp-block-image size-large\"><img loading=\"lazy\" decoding=\"async\" width=\"1024\" height=\"630\" src=\"https:\/\/centrebiblique64.org\/wp-content\/uploads\/2026\/02\/CBA-PontDeDieu-1024x630.jpg\" alt=\"\" class=\"wp-image-20\" srcset=\"https:\/\/centrebiblique64.org\/wp-content\/uploads\/2026\/02\/CBA-PontDeDieu-1024x630.jpg 1024w, https:\/\/centrebiblique64.org\/wp-content\/uploads\/2026\/02\/CBA-PontDeDieu-300x184.jpg 300w, https:\/\/centrebiblique64.org\/wp-content\/uploads\/2026\/02\/CBA-PontDeDieu-768x472.jpg 768w, https:\/\/centrebiblique64.org\/wp-content\/uploads\/2026\/02\/CBA-PontDeDieu-1536x944.jpg 1536w, https:\/\/centrebiblique64.org\/wp-content\/uploads\/2026\/02\/CBA-PontDeDieu.jpg 1745w\" sizes=\"auto, (max-width: 1024px) 100vw, 1024px\" \/><\/figure>\n\n\n\n<p><\/p>\n","protected":false},"excerpt":{"rendered":"<p>La Bible : diff\u00e9rente de tout autre ouvrage Un linguiste, M. Montiero-Wiliams professeur de sanscrit, langue sacr\u00e9e de l&#8217;Inde s&#8217;exprimait ainsi apr\u00e8s avoir \u00e9tudi\u00e9 pendant quarante deux ans les livres orientaux: &#8220;Empilez tous ces livres \u00e0 la gauche de votre bureau; placez la Bible seule \u00e0 votre droite en m\u00e9nageant le plus grand espace possible [&hellip;]<\/p>\n","protected":false},"author":1,"featured_media":0,"parent":0,"menu_order":0,"comment_status":"closed","ping_status":"open","template":"","meta":{"footnotes":""},"class_list":["post-2","page","type-page","status-publish","hentry"],"_links":{"self":[{"href":"https:\/\/centrebiblique64.org\/index.php\/wp-json\/wp\/v2\/pages\/2","targetHints":{"allow":["GET"]}}],"collection":[{"href":"https:\/\/centrebiblique64.org\/index.php\/wp-json\/wp\/v2\/pages"}],"about":[{"href":"https:\/\/centrebiblique64.org\/index.php\/wp-json\/wp\/v2\/types\/page"}],"author":[{"embeddable":true,"href":"https:\/\/centrebiblique64.org\/index.php\/wp-json\/wp\/v2\/users\/1"}],"replies":[{"embeddable":true,"href":"https:\/\/centrebiblique64.org\/index.php\/wp-json\/wp\/v2\/comments?post=2"}],"version-history":[{"count":3,"href":"https:\/\/centrebiblique64.org\/index.php\/wp-json\/wp\/v2\/pages\/2\/revisions"}],"predecessor-version":[{"id":27,"href":"https:\/\/centrebiblique64.org\/index.php\/wp-json\/wp\/v2\/pages\/2\/revisions\/27"}],"wp:attachment":[{"href":"https:\/\/centrebiblique64.org\/index.php\/wp-json\/wp\/v2\/media?parent=2"}],"curies":[{"name":"wp","href":"https:\/\/api.w.org\/{rel}","templated":true}]}}